{"id":27,"date":"2025-01-13T21:20:32","date_gmt":"2025-01-13T21:20:32","guid":{"rendered":"https:\/\/ambitescola.cat\/ae\/?page_id=27"},"modified":"2025-01-18T18:15:39","modified_gmt":"2025-01-18T18:15:39","slug":"menus-ecologics","status":"publish","type":"page","link":"https:\/\/ambitescola.cat\/ae\/menus-ecologics\/","title":{"rendered":"Men\u00fas ecol\u00f2gics"},"content":{"rendered":"\n<div class=\"wp-block-uagb-container uagb-block-cbl1dd7j alignfull uagb-is-root-container\"><div class=\"uagb-container-inner-blocks-wrap\">\n<div class=\"wp-block-uagb-info-box uagb-block-1lifdkst uagb-infobox__content-wrap  uagb-infobox-icon-above-title uagb-infobox-image-valign-top\"><div class=\"uagb-ifb-content\"><div class=\"uagb-ifb-title-wrap\"><h1 class=\"uagb-ifb-title\">Men\u00fas ecol\u00f2gics<\/h1><\/div><p class=\"uagb-ifb-desc\">Men\u00fas ecol\u00f2gics per alimentar el futur amb salut i sostenibilitat.<\/p><\/div><\/div>\n<\/div><\/div>\n\n\n\n<p><\/p>\n\n\n\n<div class=\"wp-block-uagb-container uagb-block-wepraghg alignfull uagb-is-root-container\"><div class=\"uagb-container-inner-blocks-wrap\">\n<div class=\"wp-block-uagb-info-box uagb-block-rmfcurzo uagb-infobox__content-wrap  uagb-infobox-icon-above-title uagb-infobox-image-valign-top\"><div class=\"uagb-ifb-content\"><div class=\"uagb-ifb-title-wrap\"><h2 class=\"uagb-ifb-title\">Men\u00fas escolars<\/h2><\/div><p class=\"uagb-ifb-desc\">Els men\u00fas escolars ecol\u00f2gics promouen una alimentaci\u00f3 saludable i sostenible, ajudant a educar els infants en valors com el respecte pel medi ambient i l\u2019aposta per productes de proximitat. Aquesta opci\u00f3 contribueix a reduir l\u2019impacte ambiental i a millorar el benestar de les futures generacions.<\/p><\/div><\/div>\n\n\n\n<div class=\"wp-block-uagb-container uagb-block-qd7bju6k\">\n<div class=\"wp-block-uagb-container uagb-block-kdrnlu0y\">\n<div class=\"wp-block-uagb-container uagb-block-iz6jb85o\">\n<div class=\"wp-block-uagb-advanced-heading uagb-block-qamsfvhu\"><h3 class=\"uagb-heading-text\">Qualitat de <br>la mat\u00e8ria primera<\/h3><\/div>\n<\/div>\n\n\n\n<div class=\"wp-block-uagb-container uagb-block-fj2gmxmi\">\n<div class=\"wp-block-uagb-advanced-heading uagb-block-rs4eerci\"><p class=\"uagb-heading-text\">Per elaborar els men\u00fas comptem amb mat\u00e8ria primera fresca i d\u2019alta qualitat.\u00a0<br>Tots els nostres prove\u00efdors estan autoritzats pel Departament de Salut de la Generalitat de Catalunya o organisme an\u00e0leg per a poder realitzar la seva activitat.<\/p><\/div>\n<\/div>\n<\/div>\n\n\n\n<div class=\"wp-block-uagb-container uagb-block-08vrdljc\">\n<div class=\"wp-block-uagb-container uagb-block-bcjyawis\">\n<div class=\"wp-block-uagb-advanced-heading uagb-block-2q1qocda\"><h3 class=\"uagb-heading-text\">Recepci\u00f3 di\u00e0ria<\/h3><\/div>\n<\/div>\n\n\n\n<div class=\"wp-block-uagb-container uagb-block-d5bsmpty\">\n<div class=\"wp-block-uagb-advanced-heading uagb-block-r1lccc3y\"><p class=\"uagb-heading-text\">El nostre sistema de comandes \u00e9s de recepci\u00f3 di\u00e0ria. Sempre volem comptar amb els ingredients el dia abans del seu cuinat o com a molt d\u2019hora dos dies abans. Aix\u00ed ens assegurem que la mat\u00e8ria \u00e9s fresca i de qualitat i que s\u2019ajusten les quantitats a demanar i evitem tenir exc\u00e9s de producte, o durant massa temps.\u00a0<\/p><\/div>\n<\/div>\n<\/div>\n\n\n\n<div class=\"wp-block-uagb-container uagb-block-ffdca1e4\">\n<div class=\"wp-block-uagb-container uagb-block-7e560895\">\n<div class=\"wp-block-uagb-advanced-heading uagb-block-58727635\"><h3 class=\"uagb-heading-text\">Origen ecol\u00f2gic<\/h3><\/div>\n<\/div>\n\n\n\n<div class=\"wp-block-uagb-container uagb-block-e1be2a98\">\n<div class=\"wp-block-uagb-advanced-heading uagb-block-8e729698\"><p class=\"uagb-heading-text\">A m\u00e9s el 70% d\u2019 aquesta mat\u00e8ria primera \u00e9s d\u2019origen ecol\u00f2gic. Mensualment en el men\u00fa s\u2019introdueixen aliments ecol\u00f2gics com llegums, iogurts, verdures i hortalisses provinents de prove\u00efdors de confian\u00e7a i qualitat.<\/p><\/div>\n<\/div>\n<\/div>\n\n\n\n<div class=\"wp-block-uagb-container uagb-block-778576ce\">\n<div class=\"wp-block-uagb-container uagb-block-85da3a1d\">\n<div class=\"wp-block-uagb-advanced-heading uagb-block-c011e389\"><h3 class=\"uagb-heading-text\">Emmagatzematge i desinfecci\u00f3<\/h3><\/div>\n<\/div>\n\n\n\n<div class=\"wp-block-uagb-container uagb-block-52765bd3\">\n<div class=\"wp-block-uagb-advanced-heading uagb-block-e90586cd\"><p class=\"uagb-heading-text\">Tenir les neveres, congeladors i magatzems nom\u00e9s amb els aliments suficients ens permet treballar amb aliments del dia, i tamb\u00e9 ens permet una efica\u00e7 neteja i desinfecci\u00f3 dels locals i equipaments.<\/p><\/div>\n<\/div>\n<\/div>\n<\/div>\n\n\n\n<div class=\"wp-block-uagb-separator uagb-block-59abd2ec\"><div class=\"wp-block-uagb-separator__inner\" style=\"--my-background-image:\"><\/div><\/div>\n<\/div><\/div>\n\n\n\n<div class=\"wp-block-uagb-container uagb-block-ebk7vk3v alignfull uagb-is-root-container\"><div class=\"uagb-container-inner-blocks-wrap\">\n<div class=\"wp-block-uagb-image alignleft uagb-block-tmunoxab wp-block-uagb-image--layout-default wp-block-uagb-image--effect-static wp-block-uagb-image--align-left\"><figure class=\"wp-block-uagb-image__figure\"><img decoding=\"async\" srcset=\"https:\/\/ambitescola.cat\/ae\/wp-content\/uploads\/2025\/01\/megaplat.jpg ,https:\/\/ambitescola.cat\/ae\/wp-content\/uploads\/2025\/01\/megaplat.jpg 780w, https:\/\/ambitescola.cat\/ae\/wp-content\/uploads\/2025\/01\/megaplat.jpg 360w\" sizes=\"auto, (max-width: 480px) 150px\" src=\"https:\/\/ambitescola.cat\/ae\/wp-content\/uploads\/2025\/01\/megaplat.jpg\" alt=\"\" class=\"uag-image-251\" width=\"487\" height=\"487\" title=\"megaplat\" loading=\"lazy\" role=\"img\"\/><\/figure><\/div>\n\n\n\n<div class=\"wp-block-uagb-container uagb-block-x1cd8uyf\">\n<div class=\"wp-block-uagb-info-box uagb-block-s61whx2x uagb-infobox__content-wrap  uagb-infobox-icon-above-title uagb-infobox-image-valign-top\"><div class=\"uagb-ifb-content\"><div class=\"uagb-ifb-title-wrap\"><h2 class=\"uagb-ifb-title\">Objectius d\u2019una millor salut dels infants a trav\u00e9s de l\u2019alimentaci\u00f3 treballem en:<\/h2><\/div><p class=\"uagb-ifb-desc\"><br>ncia de verdura i\/o hortalissa ecol\u00f2gica de forma di\u00e0ria.<br>Assegura la pres\u00e8ncia di\u00e0ria de fruita ecol\u00f2gica en els postres, excepte un cop a la setmana que \u00e9s proporciona un l\u00e0ctic ecol\u00f2gic (La Selvatana) sense sucre afegit.<br>Tots els productes vegetals son de proximitat i cultiu ecol\u00f2gic per contribuir a la sostenibilitat del planeta.<\/p><\/div><\/div>\n\n\n\n<ul class=\"wp-block-list\">\n<li>Reduir el consum de carn vermella i porc<\/li>\n\n\n\n<li>Augmentar la pres\u00e8ncia d\u2019aliments integrals i substituir-los per aliments refinats presents en els men\u00fas (pa, pasta, arr\u00f2s).<\/li>\n\n\n\n<li>Disminuir la pres\u00e8ncia d\u2019aliments refinats<\/li>\n\n\n\n<li>Augmentar la pres\u00e8ncia de llegums en els primers plats com aliment ric en fibra i en el segon plat com a font proteica d\u2019origen vegetal.<\/li>\n\n\n\n<li>No utilitzem aliments ultra processats<\/li>\n\n\n\n<li>Assegurar la pres\u00e8ncia de verdura i\/o hortalissa ecol\u00f2gica de forma di\u00e0ria.<\/li>\n\n\n\n<li>Assegura la pres\u00e8ncia di\u00e0ria de fruita ecol\u00f2gica en els postres, excepte un cop a la setmana que \u00e9s proporciona un l\u00e0ctic ecol\u00f2gic (La Selvatana) sense sucre afegit.<\/li>\n\n\n\n<li>Tots els productes vegetals son de proximitat i cultiu ecol\u00f2gic per contribuir a la sostenibilitat del planeta.<\/li>\n<\/ul>\n<\/div>\n<\/div><\/div>\n\n\n\n<p><\/p>\n","protected":false},"excerpt":{"rendered":"<p>Qualitat de la mat\u00e8ria primera Per elaborar els men\u00fas comptem amb mat\u00e8ria primera fresca i d\u2019alta qualitat.\u00a0Tots els nostres prove\u00efdors estan autoritzats pel Departament de Salut de la Generalitat de Catalunya o organisme an\u00e0leg per a poder realitzar la seva activitat. Recepci\u00f3 di\u00e0ria El nostre sistema de comandes \u00e9s de recepci\u00f3 di\u00e0ria. Sempre volem comptar [&hellip;]<\/p>\n","protected":false},"author":1,"featured_media":0,"parent":0,"menu_order":3,"comment_status":"closed","ping_status":"closed","template":"","meta":{"_uag_custom_page_level_css":"","passster_activate_protection":false,"passster_protect_child_pages":"","passster_protection_type":"password","passster_password":"","passster_activate_overwrite_defaults":"","passster_headline":"","passster_instruction":"","passster_placeholder":"","passster_button":"","passster_id":"","passster_activate_misc_settings":"","passster_redirect_url":"","passster_hide":"no","passster_area_shortcode":"","_swt_meta_header_display":false,"_swt_meta_footer_display":false,"_swt_meta_site_title_display":true,"_swt_meta_sticky_header":false,"_swt_meta_transparent_header":false,"footnotes":""},"class_list":["post-27","page","type-page","status-publish","hentry"],"uagb_featured_image_src":{"full":false,"thumbnail":false,"medium":false,"medium_large":false,"large":false,"1536x1536":false,"2048x2048":false},"uagb_author_info":{"display_name":"AdministracioAe","author_link":"https:\/\/ambitescola.cat\/ae\/author\/administracioae\/"},"uagb_comment_info":0,"uagb_excerpt":"Qualitat de la mat\u00e8ria primera Per elaborar els men\u00fas comptem amb mat\u00e8ria primera fresca i d\u2019alta qualitat.\u00a0Tots els nostres prove\u00efdors estan autoritzats pel Departament de Salut de la Generalitat de Catalunya o organisme an\u00e0leg per a poder realitzar la seva activitat. Recepci\u00f3 di\u00e0ria El nostre sistema de comandes \u00e9s de recepci\u00f3 di\u00e0ria. Sempre volem comptar&hellip;","_links":{"self":[{"href":"https:\/\/ambitescola.cat\/ae\/wp-json\/wp\/v2\/pages\/27","targetHints":{"allow":["GET"]}}],"collection":[{"href":"https:\/\/ambitescola.cat\/ae\/wp-json\/wp\/v2\/pages"}],"about":[{"href":"https:\/\/ambitescola.cat\/ae\/wp-json\/wp\/v2\/types\/page"}],"author":[{"embeddable":true,"href":"https:\/\/ambitescola.cat\/ae\/wp-json\/wp\/v2\/users\/1"}],"replies":[{"embeddable":true,"href":"https:\/\/ambitescola.cat\/ae\/wp-json\/wp\/v2\/comments?post=27"}],"version-history":[{"count":20,"href":"https:\/\/ambitescola.cat\/ae\/wp-json\/wp\/v2\/pages\/27\/revisions"}],"predecessor-version":[{"id":255,"href":"https:\/\/ambitescola.cat\/ae\/wp-json\/wp\/v2\/pages\/27\/revisions\/255"}],"wp:attachment":[{"href":"https:\/\/ambitescola.cat\/ae\/wp-json\/wp\/v2\/media?parent=27"}],"curies":[{"name":"wp","href":"https:\/\/api.w.org\/{rel}","templated":true}]}}