{"id":277,"date":"2025-01-18T18:16:07","date_gmt":"2025-01-18T18:16:07","guid":{"rendered":"https:\/\/ambitescola.cat\/ae\/?page_id=277"},"modified":"2025-01-19T21:46:20","modified_gmt":"2025-01-19T21:46:20","slug":"ambit-escola","status":"publish","type":"page","link":"https:\/\/ambitescola.cat\/ae\/ambit-escola\/","title":{"rendered":"\u00c0mbit Escola"},"content":{"rendered":"\n<div class=\"wp-block-uagb-container uagb-block-xtnwjog9 alignfull uagb-is-root-container\"><div class=\"uagb-container-inner-blocks-wrap\">\n<div class=\"wp-block-uagb-info-box uagb-block-b4l5jy39 uagb-infobox__content-wrap  uagb-infobox-icon-above-title uagb-infobox-image-valign-top\"><div class=\"uagb-ifb-content\"><div class=\"uagb-ifb-title-wrap\"><h1 class=\"uagb-ifb-title\"><strong>\u00c0mbit escola<\/strong><\/h1><\/div><\/div><\/div>\n<\/div><\/div>\n\n\n\n<div class=\"wp-block-uagb-container uagb-block-mkvoithm alignfull uagb-is-root-container\"><div class=\"uagb-container-inner-blocks-wrap\">\n<div class=\"wp-block-uagb-info-box uagb-block-0s8q1haw uagb-infobox__content-wrap  uagb-infobox-icon-above-title uagb-infobox-image-valign-top\"><div class=\"uagb-ifb-content\"><div class=\"uagb-ifb-title-wrap\"><h2 class=\"uagb-ifb-title\"><strong>Qui som i qu\u00e8 fem?<\/strong><\/h2><\/div><\/div><\/div>\n\n\n\n<div class=\"wp-block-uagb-container uagb-block-gfcg68cg\">\n<div class=\"wp-block-uagb-info-box uagb-block-m2lglhgx uagb-infobox__content-wrap  uagb-infobox-icon-above-title uagb-infobox-image-valign-top\"><div class=\"uagb-ifb-content\"><div class=\"uagb-ifb-title-wrap\"><\/div><p class=\"uagb-ifb-desc\">\u00c0mbit escola \u00e9s una empresa creada per professionals del m\u00f3n de l\u2019educaci\u00f3, la gesti\u00f3 en l\u2019\u00e0mbit del lleure\u00a0 i del suport a les persones amb discapacitat.<br>La nostra experi\u00e8ncia de m\u00e9s de 20 anys en aquest \u00e0mbits d\u2019actuaci\u00f3 permet desenvolupar, dissenyar i gestionar projectes, activitats i esdeveniments de l\u2019\u00e0mbit socioeducatiu per a empreses, escoles, administracions p\u00fabliques, etc\u2026<br><\/p><\/div><\/div>\n\n\n\n<div class=\"wp-block-uagb-info-box uagb-block-gzficeqe uagb-infobox__content-wrap  uagb-infobox-icon-above-title uagb-infobox-image-valign-top\"><div class=\"uagb-ifb-content\"><div class=\"uagb-ifb-title-wrap\"><\/div><p class=\"uagb-ifb-desc\">\u00c0mbit escola coordina i gestiona diferents projectes d\u2019intervenci\u00f3 directe i dinamitzaci\u00f3 social i aportem la nostra experi\u00e8ncia al disseny i organitzaci\u00f3 d\u2019activitats de suport a les escoles.<br>La nostra oferta de serveis est\u00e0 basada en la gesti\u00f3 innovadora, eficient i de qualitat per treballar programes educatius i culturals i ens permet estar atents a les necessitats de cada un dels nostres clients i oferir solucions a les demandes realitzades.<br>Des de la nostra empresa hem gestionat i gestionem\u00a0 projectes a les seg\u00fcents\u00a0 empreses i entitats:<\/p><\/div><\/div>\n\n\n\n<div class=\"wp-block-uagb-icon-list uagb-block-9assev4u\"><div class=\"uagb-icon-list__wrap\">\n<div class=\"wp-block-uagb-icon-list-child uagb-block-26f253fd\"><span class=\"uagb-icon-list__label\">Des de la nostra empresa hem gestionat i gestionem\u00a0 projectes a les seg\u00fcents\u00a0 empreses i entitats:<\/span><\/div>\n\n\n\n<div class=\"wp-block-uagb-icon-list-child uagb-block-zaqqkxhp\"><span class=\"uagb-icon-list__source-wrap\"><svg xmlns=\"https:\/\/www.w3.org\/2000\/svg\" viewBox=\"0 0 448 512\"><path d=\"M438.6 105.4C451.1 117.9 451.1 138.1 438.6 150.6L182.6 406.6C170.1 419.1 149.9 419.1 137.4 406.6L9.372 278.6C-3.124 266.1-3.124 245.9 9.372 233.4C21.87 220.9 42.13 220.9 54.63 233.4L159.1 338.7L393.4 105.4C405.9 92.88 426.1 92.88 438.6 105.4H438.6z\"><\/path><\/svg><\/span><span class=\"uagb-icon-list__label\">Escola PROGR\u00c9S de Badalona<\/span><\/div>\n\n\n\n<div class=\"wp-block-uagb-icon-list-child uagb-block-ycvooqeo\"><span class=\"uagb-icon-list__source-wrap\"><svg xmlns=\"https:\/\/www.w3.org\/2000\/svg\" viewBox=\"0 0 448 512\"><path d=\"M438.6 105.4C451.1 117.9 451.1 138.1 438.6 150.6L182.6 406.6C170.1 419.1 149.9 419.1 137.4 406.6L9.372 278.6C-3.124 266.1-3.124 245.9 9.372 233.4C21.87 220.9 42.13 220.9 54.63 233.4L159.1 338.7L393.4 105.4C405.9 92.88 426.1 92.88 438.6 105.4H438.6z\"><\/path><\/svg><\/span><span class=\"uagb-icon-list__label\">Escola JUNGFRAU de Badalona<\/span><\/div>\n\n\n\n<div class=\"wp-block-uagb-icon-list-child uagb-block-4ng9qlde\"><span class=\"uagb-icon-list__source-wrap\"><svg xmlns=\"https:\/\/www.w3.org\/2000\/svg\" viewBox=\"0 0 448 512\"><path d=\"M438.6 105.4C451.1 117.9 451.1 138.1 438.6 150.6L182.6 406.6C170.1 419.1 149.9 419.1 137.4 406.6L9.372 278.6C-3.124 266.1-3.124 245.9 9.372 233.4C21.87 220.9 42.13 220.9 54.63 233.4L159.1 338.7L393.4 105.4C405.9 92.88 426.1 92.88 438.6 105.4H438.6z\"><\/path><\/svg><\/span><span class=\"uagb-icon-list__label\">Escola ARTUR MARTORELL de Badalona<\/span><\/div>\n\n\n\n<div class=\"wp-block-uagb-icon-list-child uagb-block-qpvxb098\"><span class=\"uagb-icon-list__source-wrap\"><svg xmlns=\"https:\/\/www.w3.org\/2000\/svg\" viewBox=\"0 0 448 512\"><path d=\"M438.6 105.4C451.1 117.9 451.1 138.1 438.6 150.6L182.6 406.6C170.1 419.1 149.9 419.1 137.4 406.6L9.372 278.6C-3.124 266.1-3.124 245.9 9.372 233.4C21.87 220.9 42.13 220.9 54.63 233.4L159.1 338.7L393.4 105.4C405.9 92.88 426.1 92.88 438.6 105.4H438.6z\"><\/path><\/svg><\/span><span class=\"uagb-icon-list__label\">Escola LOLA ANGLADA de Badalona<\/span><\/div>\n\n\n\n<div class=\"wp-block-uagb-icon-list-child uagb-block-16373aa5\"><span class=\"uagb-icon-list__source-wrap\"><svg xmlns=\"https:\/\/www.w3.org\/2000\/svg\" viewBox=\"0 0 448 512\"><path d=\"M438.6 105.4C451.1 117.9 451.1 138.1 438.6 150.6L182.6 406.6C170.1 419.1 149.9 419.1 137.4 406.6L9.372 278.6C-3.124 266.1-3.124 245.9 9.372 233.4C21.87 220.9 42.13 220.9 54.63 233.4L159.1 338.7L393.4 105.4C405.9 92.88 426.1 92.88 438.6 105.4H438.6z\"><\/path><\/svg><\/span><span class=\"uagb-icon-list__label\">Escola BALDOMER SOL\u00c0 de Badalona<\/span><\/div>\n\n\n\n<div class=\"wp-block-uagb-icon-list-child uagb-block-f46a00ed\"><span class=\"uagb-icon-list__source-wrap\"><svg xmlns=\"https:\/\/www.w3.org\/2000\/svg\" viewBox=\"0 0 448 512\"><path d=\"M438.6 105.4C451.1 117.9 451.1 138.1 438.6 150.6L182.6 406.6C170.1 419.1 149.9 419.1 137.4 406.6L9.372 278.6C-3.124 266.1-3.124 245.9 9.372 233.4C21.87 220.9 42.13 220.9 54.63 233.4L159.1 338.7L393.4 105.4C405.9 92.88 426.1 92.88 438.6 105.4H438.6z\"><\/path><\/svg><\/span><span class=\"uagb-icon-list__label\">IE LLIBERTAT<\/span><\/div>\n\n\n\n<div class=\"wp-block-uagb-icon-list-child uagb-block-2039f01a\"><span class=\"uagb-icon-list__source-wrap\"><svg xmlns=\"https:\/\/www.w3.org\/2000\/svg\" viewBox=\"0 0 448 512\"><path d=\"M438.6 105.4C451.1 117.9 451.1 138.1 438.6 150.6L182.6 406.6C170.1 419.1 149.9 419.1 137.4 406.6L9.372 278.6C-3.124 266.1-3.124 245.9 9.372 233.4C21.87 220.9 42.13 220.9 54.63 233.4L159.1 338.7L393.4 105.4C405.9 92.88 426.1 92.88 438.6 105.4H438.6z\"><\/path><\/svg><\/span><span class=\"uagb-icon-list__label\">Escola ANTONI BOTEY<\/span><\/div>\n<\/div><\/div>\n<\/div>\n<\/div><\/div>\n\n\n\n<div class=\"wp-block-uagb-container uagb-block-qhsxdkbm alignfull uagb-is-root-container\"><div class=\"uagb-container-inner-blocks-wrap\">\n<div class=\"wp-block-uagb-info-box uagb-block-qlf2qglx uagb-infobox__content-wrap  uagb-infobox-icon-above-title uagb-infobox-image-valign-top wp-block-uagb-info-box--has-margin\"><div class=\"uagb-infobox-margin-wrapper\"><div class=\"uagb-ifb-content\"><div class=\"uagb-ifb-title-wrap\"><h2 class=\"uagb-ifb-title\"><strong>Serveis<\/strong><\/h2><\/div><\/div><\/div><\/div>\n\n\n\n<div class=\"wp-block-uagb-container uagb-block-ycxwlknp alignfull uagb-is-root-container\"><div class=\"uagb-container-inner-blocks-wrap\">\n<div class=\"wp-block-uagb-image alignleft uagb-block-gc6mska2 wp-block-uagb-image--layout-default wp-block-uagb-image--effect-static wp-block-uagb-image--align-left\"><figure class=\"wp-block-uagb-image__figure\"><img decoding=\"async\" srcset=\"https:\/\/ambitescola.cat\/ae\/wp-content\/uploads\/2025\/01\/nena.jpg ,https:\/\/ambitescola.cat\/ae\/wp-content\/uploads\/2025\/01\/nena.jpg 780w, https:\/\/ambitescola.cat\/ae\/wp-content\/uploads\/2025\/01\/nena.jpg 360w\" sizes=\"auto, (max-width: 480px) 150px\" src=\"https:\/\/ambitescola.cat\/ae\/wp-content\/uploads\/2025\/01\/nena.jpg\" alt=\"\" class=\"uag-image-309\" width=\"431\" height=\"400\" title=\"nena\" loading=\"lazy\" role=\"img\"\/><\/figure><\/div>\n\n\n\n<div class=\"wp-block-uagb-container uagb-block-x4vwj1e5\">\n<div class=\"wp-block-uagb-info-box uagb-block-0llden2g uagb-infobox__content-wrap  uagb-infobox-icon-above-title uagb-infobox-image-valign-top\"><div class=\"uagb-ifb-content\"><div class=\"uagb-ifb-title-wrap\"><\/div><p class=\"uagb-ifb-desc\">Des d\u2019<em>\u00c0mbit escola<\/em>, us oferim\u00a0 aquests serveis:<br><br><strong>Menjadors escolar<\/strong>s<br>\u00b7 Servei de cuina i elaboraci\u00f3 del menjar\u00a0 a la mateixa escola o servei de c\u00e0tering de proximitat.<br>\u00b7 Monitoratge i talleristes a la franja horaria de menjador (Migdia).<br><br><strong>Servei de monitor per diferents activitats escolars.<\/strong><br>\u00b7 Acompanyaments a sortides tant matinals com de tot el dia.<br>\u00b7 Monitors per col\u00f2nies.<br>\u00b7 Monitors de refor\u00e7 per activitats puntuals.<br><\/p><\/div><\/div>\n<\/div>\n<\/div><\/div>\n<\/div><\/div>\n\n\n\n<p><\/p>\n\n\n\n<div class=\"wp-block-uagb-container uagb-block-rz8j9kkv alignfull uagb-is-root-container\"><div class=\"uagb-container-inner-blocks-wrap\">\n<div class=\"wp-block-uagb-info-box uagb-block-ejaphjtw uagb-infobox__content-wrap  uagb-infobox-icon-above-title uagb-infobox-image-valign-top wp-block-uagb-info-box--has-margin\"><div class=\"uagb-infobox-margin-wrapper\"><div class=\"uagb-ifb-content\"><div class=\"uagb-ifb-title-wrap\"><p class=\"uagb-ifb-title-prefix\">\u00c0Mbit Escola<\/p><h2 class=\"uagb-ifb-title\"><strong>Els nostres objectius<\/strong><\/h2><\/div><p class=\"uagb-ifb-desc\">\u00b7 Fomentar l\u2019adquisici\u00f3 d\u2019h\u00e0bits saludables i sostenibles d\u2019higiene, salut, alimentaci\u00f3 i d\u2019 organitzaci\u00f3 del temps.<br>\u00b7 Potenciar l\u2019educaci\u00f3 en els valors com solidaritat, amistat, educaci\u00f3,\u00a0 mitjan\u00e7ant el joc, les activitats i amb el model del monitor.\u00a0<br>\u00b7 Treballar l\u2019expressi\u00f3 personal i desenvolupament del propi rol.<br><br><strong>Des d<em>\u2019\u00c0mbit escola<\/em> desenvolupem el programa d\u2019activitats del centre lligat al\u00a0 projecte educatiu de l\u2019escola.<\/strong><\/p><\/div><\/div><\/div>\n<\/div><\/div>\n","protected":false},"excerpt":{"rendered":"","protected":false},"author":1,"featured_media":0,"parent":0,"menu_order":1,"comment_status":"closed","ping_status":"closed","template":"","meta":{"_uag_custom_page_level_css":"","passster_activate_protection":false,"passster_protect_child_pages":"","passster_protection_type":"password","passster_password":"","passster_activate_overwrite_defaults":"","passster_headline":"","passster_instruction":"","passster_placeholder":"","passster_button":"","passster_id":"","passster_activate_misc_settings":"","passster_redirect_url":"","passster_hide":"no","passster_area_shortcode":"","_swt_meta_header_display":false,"_swt_meta_footer_display":false,"_swt_meta_site_title_display":true,"_swt_meta_sticky_header":false,"_swt_meta_transparent_header":false,"footnotes":""},"class_list":["post-277","page","type-page","status-publish","hentry"],"uagb_featured_image_src":{"full":false,"thumbnail":false,"medium":false,"medium_large":false,"large":false,"1536x1536":false,"2048x2048":false},"uagb_author_info":{"display_name":"AdministracioAe","author_link":"https:\/\/ambitescola.cat\/ae\/author\/administracioae\/"},"uagb_comment_info":0,"uagb_excerpt":null,"_links":{"self":[{"href":"https:\/\/ambitescola.cat\/ae\/wp-json\/wp\/v2\/pages\/277","targetHints":{"allow":["GET"]}}],"collection":[{"href":"https:\/\/ambitescola.cat\/ae\/wp-json\/wp\/v2\/pages"}],"about":[{"href":"https:\/\/ambitescola.cat\/ae\/wp-json\/wp\/v2\/types\/page"}],"author":[{"embeddable":true,"href":"https:\/\/ambitescola.cat\/ae\/wp-json\/wp\/v2\/users\/1"}],"replies":[{"embeddable":true,"href":"https:\/\/ambitescola.cat\/ae\/wp-json\/wp\/v2\/comments?post=277"}],"version-history":[{"count":23,"href":"https:\/\/ambitescola.cat\/ae\/wp-json\/wp\/v2\/pages\/277\/revisions"}],"predecessor-version":[{"id":310,"href":"https:\/\/ambitescola.cat\/ae\/wp-json\/wp\/v2\/pages\/277\/revisions\/310"}],"wp:attachment":[{"href":"https:\/\/ambitescola.cat\/ae\/wp-json\/wp\/v2\/media?parent=277"}],"curies":[{"name":"wp","href":"https:\/\/api.w.org\/{rel}","templated":true}]}}