{"id":30,"date":"2025-01-13T21:21:23","date_gmt":"2025-01-13T21:21:23","guid":{"rendered":"https:\/\/ambitescola.cat\/ae\/?page_id=30"},"modified":"2025-01-29T14:04:23","modified_gmt":"2025-01-29T14:04:23","slug":"proveidors","status":"publish","type":"page","link":"https:\/\/ambitescola.cat\/ae\/proveidors\/","title":{"rendered":"Prove\u00efdors"},"content":{"rendered":"\n<div class=\"wp-block-uagb-container uagb-block-efu0vand alignfull uagb-is-root-container\"><div class=\"uagb-container-inner-blocks-wrap\">\n<div class=\"wp-block-uagb-info-box uagb-block-m0loyksk uagb-infobox__content-wrap  uagb-infobox-icon-above-title uagb-infobox-image-valign-top\"><div class=\"uagb-ifb-content\"><div class=\"uagb-ifb-title-wrap\"><h1 class=\"uagb-ifb-title\">Els nostres prove\u00efdors<\/h1><\/div><p class=\"uagb-ifb-desc\">Descobreix els nostres prove\u00efdors de menjar ecol\u00f2gic i sostenible, <br>compromesos amb la qualitat i el respecte pel medi ambient. <br>Coneix com contribueixen a una alimentaci\u00f3 saludable i responsable.<\/p><\/div><\/div>\n<\/div><\/div>\n\n\n\n<div class=\"wp-block-uagb-container uagb-layout-flex uagb-block-xwi4irrp alignfull uagb-is-root-container\"><div class=\"uagb-container-inner-blocks-wrap\">\n<div class=\"wp-block-uagb-container uagb-layout-grid uagb-block-pctuqkjq\">\n<div class=\"wp-block-uagb-container uagb-block-yirfvz5w\">\n<div class=\"wp-block-uagb-info-box uagb-block-ex0hwotd uagb-infobox__content-wrap  uagb-infobox-icon-above-title uagb-infobox-image-valign-top\"><div class=\"uagb-ifb-content\"><div class=\"uagb-ifb-title-wrap\"><h3 class=\"uagb-ifb-title\">El tros de l\u2019Uri<\/h3><\/div><p class=\"uagb-ifb-desc\">El nostre productor de fruita i verdura ecol\u00f2gica, de. producci\u00f3 ecol\u00f2gica, saludable, sostenible, de temporada i de proximitat, respectant el nostre entorn i la biodiversitat que aquest ens ofereix.<\/p><div class=\"uagb-ifb-separator\"><\/div><\/div><\/div>\n\n\n\n<div class=\"wp-block-uagb-buttons uagb-buttons__outer-wrap uagb-btn__default-btn uagb-btn-tablet__default-btn uagb-btn-mobile__default-btn uagb-block-mk8nnwzd\"><div class=\"uagb-buttons__wrap uagb-buttons-layout-wrap \">\n<div class=\"wp-block-uagb-buttons-child uagb-buttons__outer-wrap uagb-block-eia2c7to wp-block-button\"><div class=\"uagb-button__wrapper\"><a class=\"uagb-buttons-repeater wp-block-button__link\" aria-label=\"\" href=\"#\" rel=\"follow noopener\" target=\"_self\" role=\"button\"><div class=\"uagb-button__link\"><a href=\"http:\/\/www.eltrosdeluri.cat\/\">www.eltrosdeluri.cat<\/a><\/div><\/a><\/div><\/div>\n<\/div><\/div>\n<\/div>\n\n\n\n<div class=\"wp-block-uagb-container uagb-block-7f977bc2\">\n<div class=\"wp-block-uagb-info-box uagb-block-8cd6c3f1 uagb-infobox__content-wrap  uagb-infobox-icon-above-title uagb-infobox-image-valign-top\"><div class=\"uagb-ifb-content\"><div class=\"uagb-ifb-title-wrap\"><h3 class=\"uagb-ifb-title\">La Selvatana<\/h3><\/div><p class=\"uagb-ifb-desc\">Granja ecol\u00f2gica compromesa amb el medi ambient i la sostenibilitat. Abs\u00e8ncia absoluta de residus qu\u00edmics com herbicides i pesticides, aixi com d\u2019edulcorants, aromatitzants, conservants, espessants i additius.<\/p><div class=\"uagb-ifb-separator\"><\/div><\/div><\/div>\n\n\n\n<div class=\"wp-block-uagb-buttons uagb-buttons__outer-wrap uagb-btn__default-btn uagb-btn-tablet__default-btn uagb-btn-mobile__default-btn uagb-block-f5efd6bf\"><div class=\"uagb-buttons__wrap uagb-buttons-layout-wrap \">\n<div class=\"wp-block-uagb-buttons-child uagb-buttons__outer-wrap uagb-block-d8bdd25f wp-block-button\"><div class=\"uagb-button__wrapper\"><a class=\"uagb-buttons-repeater wp-block-button__link\" aria-label=\"\" href=\"#\" rel=\"follow noopener\" target=\"_self\" role=\"button\"><div class=\"uagb-button__link\"><a href=\"http:\/\/www.eltrosdeluri.cat\/\"><a href=\"http:\/\/www.laselvatana.net\/\">www.laselvatana.net<\/a><\/a><\/div><\/a><\/div><\/div>\n<\/div><\/div>\n<\/div>\n\n\n\n<div class=\"wp-block-uagb-container uagb-block-8d3b570e\">\n<div class=\"wp-block-uagb-info-box uagb-block-ff2b2f18 uagb-infobox__content-wrap  uagb-infobox-icon-above-title uagb-infobox-image-valign-top\"><div class=\"uagb-ifb-content\"><div class=\"uagb-ifb-title-wrap\"><h3 class=\"uagb-ifb-title\">La Moianesa<\/h3><\/div><p class=\"uagb-ifb-desc\">La Moianesa \u00e9s una empresa familiar que segueix amb la tradici\u00f3 artesana d\u2019elaboraci\u00f3 de pasta. La producci\u00f3 a petita escala permet fabricar moltes especialitats.<\/p><div class=\"uagb-ifb-separator\"><\/div><\/div><\/div>\n\n\n\n<div class=\"wp-block-uagb-buttons uagb-buttons__outer-wrap uagb-btn__default-btn uagb-btn-tablet__default-btn uagb-btn-mobile__default-btn uagb-block-18192f30\"><div class=\"uagb-buttons__wrap uagb-buttons-layout-wrap \">\n<div class=\"wp-block-uagb-buttons-child uagb-buttons__outer-wrap uagb-block-82a79c21 wp-block-button\"><div class=\"uagb-button__wrapper\"><a class=\"uagb-buttons-repeater wp-block-button__link\" aria-label=\"\" href=\"#\" rel=\"follow noopener\" target=\"_self\" role=\"button\"><div class=\"uagb-button__link\"><a href=\"http:\/\/www.eltrosdeluri.cat\/\"><a href=\"http:\/\/www.lamoianesa.com\/\">www.lamoianesa.com<\/a><\/a><\/div><\/a><\/div><\/div>\n<\/div><\/div>\n<\/div>\n\n\n\n<div class=\"wp-block-uagb-container uagb-block-0d265067\">\n<div class=\"wp-block-uagb-info-box uagb-block-113930aa uagb-infobox__content-wrap  uagb-infobox-icon-above-title uagb-infobox-image-valign-top\"><div class=\"uagb-ifb-content\"><div class=\"uagb-ifb-title-wrap\"><h3 class=\"uagb-ifb-title\">Riet vell<\/h3><\/div><p class=\"uagb-ifb-desc\">Arr\u00f2s, pasta i llegums ecol\u00f2gics. Aliments saludables i saborosos, procedents de cultius integrats plenament al concepte de l\u2019Agroecologia i produ\u00efts en \u00e0rees de gran valor ambiental afavorint la conservaci\u00f3 de la seva biodiversitat.<\/p><div class=\"uagb-ifb-separator\"><\/div><\/div><\/div>\n\n\n\n<div class=\"wp-block-uagb-buttons uagb-buttons__outer-wrap uagb-btn__default-btn uagb-btn-tablet__default-btn uagb-btn-mobile__default-btn uagb-block-53597daf\"><div class=\"uagb-buttons__wrap uagb-buttons-layout-wrap \">\n<div class=\"wp-block-uagb-buttons-child uagb-buttons__outer-wrap uagb-block-e59b0e71 wp-block-button\"><div class=\"uagb-button__wrapper\"><a class=\"uagb-buttons-repeater wp-block-button__link\" aria-label=\"\" href=\"#\" rel=\"follow noopener\" target=\"_self\" role=\"button\"><div class=\"uagb-button__link\"><a href=\"http:\/\/www.eltrosdeluri.cat\/\"><\/a><a href=\"http:\/\/www.lamoianesa.com\/\"><a href=\"http:\/\/www.rietvell.com\/\">www.rietvell.com<\/a><\/a><\/div><\/a><\/div><\/div>\n<\/div><\/div>\n<\/div>\n\n\n\n<div class=\"wp-block-uagb-container uagb-block-497e2522\">\n<div class=\"wp-block-uagb-info-box uagb-block-59837a74 uagb-infobox__content-wrap  uagb-infobox-icon-above-title uagb-infobox-image-valign-top\"><div class=\"uagb-ifb-content\"><div class=\"uagb-ifb-title-wrap\"><h3 class=\"uagb-ifb-title\">Cal Valls<\/h3><\/div><p class=\"uagb-ifb-desc\">Conserves vegetals i sucs de fruita provinents d\u2019una agricultura ecol\u00f2gica i biodin\u00e0mica de qualitat, propera i respectuosa amb la salut de les persones, de la terra i l\u2019entorn.<\/p><div class=\"uagb-ifb-separator\"><\/div><\/div><\/div>\n\n\n\n<div class=\"wp-block-uagb-buttons uagb-buttons__outer-wrap uagb-btn__default-btn uagb-btn-tablet__default-btn uagb-btn-mobile__default-btn uagb-block-0891d2c0\"><div class=\"uagb-buttons__wrap uagb-buttons-layout-wrap \">\n<div class=\"wp-block-uagb-buttons-child uagb-buttons__outer-wrap uagb-block-a171a7e0 wp-block-button\"><div class=\"uagb-button__wrapper\"><a class=\"uagb-buttons-repeater wp-block-button__link\" aria-label=\"\" href=\"www.calvalls.com\" rel=\"follow noopener\" target=\"_self\" role=\"button\"><div class=\"uagb-button__link\"><a href=\"http:\/\/www.eltrosdeluri.cat\/\"><\/a><a href=\"http:\/\/www.lamoianesa.com\/\"><a href=\"http:\/\/www.calvalls.com\/\">www.calvalls.com<\/a><\/a><\/div><\/a><\/div><\/div>\n<\/div><\/div>\n<\/div>\n\n\n\n<div class=\"wp-block-uagb-container uagb-block-68db9f76\">\n<div class=\"wp-block-uagb-info-box uagb-block-818eebf7 uagb-infobox__content-wrap  uagb-infobox-icon-above-title uagb-infobox-image-valign-top\"><div class=\"uagb-ifb-content\"><div class=\"uagb-ifb-title-wrap\"><h3 class=\"uagb-ifb-title\">Fruits del sec\u00e0<\/h3><\/div><p class=\"uagb-ifb-desc\">Conreem cereals, llegums i llavors ecol\u00f2giques. Tamb\u00e9 tenim un mol\u00ed de pedra que ens permet fer farina de tots els blats antics que conreem. Les llegums que tenim s\u00f3n cigronet de l\u2019Alta Anoia, llenties pardines i llenties vermelles.<\/p><div class=\"uagb-ifb-separator\"><\/div><\/div><\/div>\n\n\n\n<div class=\"wp-block-uagb-buttons uagb-buttons__outer-wrap uagb-btn__default-btn uagb-btn-tablet__default-btn uagb-btn-mobile__default-btn uagb-block-f92e9280\"><div class=\"uagb-buttons__wrap uagb-buttons-layout-wrap \">\n<div class=\"wp-block-uagb-buttons-child uagb-buttons__outer-wrap uagb-block-100c968c wp-block-button\"><div class=\"uagb-button__wrapper\"><a class=\"uagb-buttons-repeater wp-block-button__link\" aria-label=\"\" href=\"www.fruitsdelseca.cat\" rel=\"follow noopener\" target=\"_self\" role=\"button\"><div class=\"uagb-button__link\"><a href=\"http:\/\/www.eltrosdeluri.cat\/\"><\/a><a href=\"http:\/\/www.lamoianesa.com\/\"><a href=\"http:\/\/www.fruitsdelseca.cat\/\">www.fruitsdelseca.cat<\/a><\/a><\/div><\/a><\/div><\/div>\n<\/div><\/div>\n<\/div>\n<\/div>\n<\/div><\/div>\n\n\n\n<p><\/p>\n","protected":false},"excerpt":{"rendered":"","protected":false},"author":1,"featured_media":0,"parent":0,"menu_order":4,"comment_status":"closed","ping_status":"closed","template":"","meta":{"_uag_custom_page_level_css":"\/* unvisited link *\/\na:link {\n  color: crimson;\n}\n\n\/* visited link *\/\na:visited {\n  color: crimson;\n}\n\n\/* mouse over link *\/\na:hover {\n  color: darkred;\n}x\n\n\/* selected link *\/\na:active {\n  color: blue;\n}","passster_activate_protection":false,"passster_protect_child_pages":"","passster_protection_type":"password","passster_password":"","passster_activate_overwrite_defaults":"","passster_headline":"","passster_instruction":"","passster_placeholder":"","passster_button":"","passster_id":"","passster_activate_misc_settings":"","passster_redirect_url":"","passster_hide":"no","passster_area_shortcode":"","_swt_meta_header_display":false,"_swt_meta_footer_display":false,"_swt_meta_site_title_display":true,"_swt_meta_sticky_header":false,"_swt_meta_transparent_header":false,"footnotes":""},"class_list":["post-30","page","type-page","status-publish","hentry"],"uagb_featured_image_src":{"full":false,"thumbnail":false,"medium":false,"medium_large":false,"large":false,"1536x1536":false,"2048x2048":false},"uagb_author_info":{"display_name":"AdministracioAe","author_link":"https:\/\/ambitescola.cat\/ae\/author\/administracioae\/"},"uagb_comment_info":0,"uagb_excerpt":null,"_links":{"self":[{"href":"https:\/\/ambitescola.cat\/ae\/wp-json\/wp\/v2\/pages\/30","targetHints":{"allow":["GET"]}}],"collection":[{"href":"https:\/\/ambitescola.cat\/ae\/wp-json\/wp\/v2\/pages"}],"about":[{"href":"https:\/\/ambitescola.cat\/ae\/wp-json\/wp\/v2\/types\/page"}],"author":[{"embeddable":true,"href":"https:\/\/ambitescola.cat\/ae\/wp-json\/wp\/v2\/users\/1"}],"replies":[{"embeddable":true,"href":"https:\/\/ambitescola.cat\/ae\/wp-json\/wp\/v2\/comments?post=30"}],"version-history":[{"count":25,"href":"https:\/\/ambitescola.cat\/ae\/wp-json\/wp\/v2\/pages\/30\/revisions"}],"predecessor-version":[{"id":339,"href":"https:\/\/ambitescola.cat\/ae\/wp-json\/wp\/v2\/pages\/30\/revisions\/339"}],"wp:attachment":[{"href":"https:\/\/ambitescola.cat\/ae\/wp-json\/wp\/v2\/media?parent=30"}],"curies":[{"name":"wp","href":"https:\/\/api.w.org\/{rel}","templated":true}]}}